{"id":2794,"date":"2025-03-30T17:00:00","date_gmt":"2025-03-30T15:00:00","guid":{"rendered":"https:\/\/motorradjedi.reisen\/?page_id=2794"},"modified":"2025-06-14T20:05:32","modified_gmt":"2025-06-14T18:05:32","slug":"aegypten-2025","status":"publish","type":"page","link":"https:\/\/motorradjedi.reisen\/index.php\/aegypten-2025\/","title":{"rendered":"2025 \u00c4gypten"},"content":{"rendered":"\n<h2 class=\"wp-block-heading\">Tauchen in El Quseir<\/h2>\n\n\n\n<blockquote class=\"wp-block-quote is-layout-flow wp-block-quote-is-layout-flow\">\n<p>20. &#8211; 29. M\u00e4rz 2025<\/p>\n<\/blockquote>\n\n\n\n<p>Unsere diesj\u00e4hrige Tauchreise f\u00fchrte uns nach El Quseir. Auf Initiative eines befreundeten Paares schlossen wir uns der Gruppenreise an und genossen ein entspanntes Gesamtpaket.<\/p>\n\n\n\n<p>Im Rohanou Beach Resort untergebracht genossen wir das perfekte Service von Ducks Diving El Quseir am wundersch\u00f6nen Hausriff.<\/p>\n\n\n\n<p>Spektakul\u00e4r war auch der Tagesausflug zum Wrack der Salem Express.<\/p>\n\n\n<ul class=\"filebird-block-filebird-gallery wp-block-gallery blocks-gallery-grid columns-3 is-cropped\" style=\"--columns: 3;--space: 0px;--min-width: 0px;\"><li class=\"blocks-gallery-item fb-block-hover-animation-none\"><figure><img loading=\"lazy\" decoding=\"async\" width=\"2560\" height=\"1920\" src=\"https:\/\/motorradjedi.reisen\/wp-content\/uploads\/2025\/06\/20250321_101741-scaled.jpg\" alt=\"20250321_101741\" class=\"wp-image-2828\" srcset=\"https:\/\/motorradjedi.reisen\/wp-content\/uploads\/2025\/06\/20250321_101741-scaled.jpg 2560w, https:\/\/motorradjedi.reisen\/wp-content\/uploads\/2025\/06\/20250321_101741-300x225.jpg 300w\" sizes=\"auto, (max-width: 2560px) 100vw, 2560px\" \/><\/figure><\/li><li class=\"blocks-gallery-item fb-block-hover-animation-none\"><figure><img loading=\"lazy\" decoding=\"async\" width=\"1920\" height=\"2560\" src=\"https:\/\/motorradjedi.reisen\/wp-content\/uploads\/2025\/06\/20250323_061748-scaled.jpg\" alt=\"20250323_061748\" class=\"wp-image-2810\" srcset=\"https:\/\/motorradjedi.reisen\/wp-content\/uploads\/2025\/06\/20250323_061748-scaled.jpg 1920w, https:\/\/motorradjedi.reisen\/wp-content\/uploads\/2025\/06\/20250323_061748-225x300.jpg 225w\" sizes=\"auto, (max-width: 1920px) 100vw, 1920px\" \/><\/figure><\/li><li class=\"blocks-gallery-item fb-block-hover-animation-none\"><figure><img loading=\"lazy\" decoding=\"async\" width=\"1920\" height=\"2560\" src=\"https:\/\/motorradjedi.reisen\/wp-content\/uploads\/2025\/06\/20250323_061915-scaled.jpg\" alt=\"20250323_061915\" class=\"wp-image-2823\" srcset=\"https:\/\/motorradjedi.reisen\/wp-content\/uploads\/2025\/06\/20250323_061915-scaled.jpg 1920w, https:\/\/motorradjedi.reisen\/wp-content\/uploads\/2025\/06\/20250323_061915-225x300.jpg 225w, https:\/\/motorradjedi.reisen\/wp-content\/uploads\/2025\/06\/20250323_061915-768x1024.jpg 768w, https:\/\/motorradjedi.reisen\/wp-content\/uploads\/2025\/06\/20250323_061915-1152x1536.jpg 1152w, https:\/\/motorradjedi.reisen\/wp-content\/uploads\/2025\/06\/20250323_061915-1536x2048.jpg 1536w\" sizes=\"auto, (max-width: 1920px) 100vw, 1920px\" \/><\/figure><\/li><li class=\"blocks-gallery-item fb-block-hover-animation-none\"><figure><img loading=\"lazy\" decoding=\"async\" width=\"1920\" height=\"2560\" src=\"https:\/\/motorradjedi.reisen\/wp-content\/uploads\/2025\/06\/20250323_090244-scaled.jpg\" alt=\"20250323_090244\" class=\"wp-image-2811\" srcset=\"https:\/\/motorradjedi.reisen\/wp-content\/uploads\/2025\/06\/20250323_090244-scaled.jpg 1920w, https:\/\/motorradjedi.reisen\/wp-content\/uploads\/2025\/06\/20250323_090244-225x300.jpg 225w, https:\/\/motorradjedi.reisen\/wp-content\/uploads\/2025\/06\/20250323_090244-768x1024.jpg 768w, https:\/\/motorradjedi.reisen\/wp-content\/uploads\/2025\/06\/20250323_090244-1152x1536.jpg 1152w, https:\/\/motorradjedi.reisen\/wp-content\/uploads\/2025\/06\/20250323_090244-1536x2048.jpg 1536w, https:\/\/motorradjedi.reisen\/wp-content\/uploads\/2025\/06\/20250323_090244-1140x1520.jpg 1140w\" sizes=\"auto, (max-width: 1920px) 100vw, 1920px\" \/><\/figure><\/li><li class=\"blocks-gallery-item fb-block-hover-animation-none\"><figure><img loading=\"lazy\" decoding=\"async\" width=\"1920\" height=\"2560\" src=\"https:\/\/motorradjedi.reisen\/wp-content\/uploads\/2025\/06\/20250323_202602-scaled.jpg\" alt=\"20250323_202602\" class=\"wp-image-2824\" srcset=\"https:\/\/motorradjedi.reisen\/wp-content\/uploads\/2025\/06\/20250323_202602-scaled.jpg 1920w, https:\/\/motorradjedi.reisen\/wp-content\/uploads\/2025\/06\/20250323_202602-225x300.jpg 225w, https:\/\/motorradjedi.reisen\/wp-content\/uploads\/2025\/06\/20250323_202602-768x1024.jpg 768w, https:\/\/motorradjedi.reisen\/wp-content\/uploads\/2025\/06\/20250323_202602-1152x1536.jpg 1152w, https:\/\/motorradjedi.reisen\/wp-content\/uploads\/2025\/06\/20250323_202602-1536x2048.jpg 1536w\" sizes=\"auto, (max-width: 1920px) 100vw, 1920px\" \/><\/figure><\/li><li class=\"blocks-gallery-item fb-block-hover-animation-none\"><figure><img loading=\"lazy\" decoding=\"async\" width=\"2560\" height=\"1920\" src=\"https:\/\/motorradjedi.reisen\/wp-content\/uploads\/2025\/06\/20250326_154157-scaled.jpg\" alt=\"20250326_154157\" class=\"wp-image-2812\" srcset=\"https:\/\/motorradjedi.reisen\/wp-content\/uploads\/2025\/06\/20250326_154157-scaled.jpg 2560w, https:\/\/motorradjedi.reisen\/wp-content\/uploads\/2025\/06\/20250326_154157-300x225.jpg 300w\" sizes=\"auto, (max-width: 2560px) 100vw, 2560px\" \/><\/figure><\/li><li class=\"blocks-gallery-item fb-block-hover-animation-none\"><figure><img loading=\"lazy\" decoding=\"async\" width=\"1920\" height=\"2560\" src=\"https:\/\/motorradjedi.reisen\/wp-content\/uploads\/2025\/06\/20250326_175318-scaled.jpg\" alt=\"20250326_175318\" class=\"wp-image-2813\" srcset=\"https:\/\/motorradjedi.reisen\/wp-content\/uploads\/2025\/06\/20250326_175318-scaled.jpg 1920w, https:\/\/motorradjedi.reisen\/wp-content\/uploads\/2025\/06\/20250326_175318-225x300.jpg 225w, https:\/\/motorradjedi.reisen\/wp-content\/uploads\/2025\/06\/20250326_175318-768x1024.jpg 768w, https:\/\/motorradjedi.reisen\/wp-content\/uploads\/2025\/06\/20250326_175318-1152x1536.jpg 1152w, https:\/\/motorradjedi.reisen\/wp-content\/uploads\/2025\/06\/20250326_175318-1536x2048.jpg 1536w, https:\/\/motorradjedi.reisen\/wp-content\/uploads\/2025\/06\/20250326_175318-1140x1520.jpg 1140w\" sizes=\"auto, (max-width: 1920px) 100vw, 1920px\" \/><\/figure><\/li><li class=\"blocks-gallery-item fb-block-hover-animation-none\"><figure><img loading=\"lazy\" decoding=\"async\" width=\"2560\" height=\"1920\" src=\"https:\/\/motorradjedi.reisen\/wp-content\/uploads\/2025\/06\/20250327_055509-scaled.jpg\" alt=\"20250327_055509\" class=\"wp-image-2825\" srcset=\"https:\/\/motorradjedi.reisen\/wp-content\/uploads\/2025\/06\/20250327_055509-scaled.jpg 2560w, https:\/\/motorradjedi.reisen\/wp-content\/uploads\/2025\/06\/20250327_055509-300x225.jpg 300w, https:\/\/motorradjedi.reisen\/wp-content\/uploads\/2025\/06\/20250327_055509-1024x768.jpg 1024w, https:\/\/motorradjedi.reisen\/wp-content\/uploads\/2025\/06\/20250327_055509-768x576.jpg 768w, https:\/\/motorradjedi.reisen\/wp-content\/uploads\/2025\/06\/20250327_055509-1536x1152.jpg 1536w, https:\/\/motorradjedi.reisen\/wp-content\/uploads\/2025\/06\/20250327_055509-2048x1536.jpg 2048w\" sizes=\"auto, (max-width: 2560px) 100vw, 2560px\" \/><\/figure><\/li><li class=\"blocks-gallery-item fb-block-hover-animation-none\"><figure><img loading=\"lazy\" decoding=\"async\" width=\"1920\" height=\"2560\" src=\"https:\/\/motorradjedi.reisen\/wp-content\/uploads\/2025\/06\/20250327_201141-scaled.jpg\" alt=\"20250327_201141\" class=\"wp-image-2826\" srcset=\"https:\/\/motorradjedi.reisen\/wp-content\/uploads\/2025\/06\/20250327_201141-scaled.jpg 1920w, https:\/\/motorradjedi.reisen\/wp-content\/uploads\/2025\/06\/20250327_201141-225x300.jpg 225w, https:\/\/motorradjedi.reisen\/wp-content\/uploads\/2025\/06\/20250327_201141-768x1024.jpg 768w, https:\/\/motorradjedi.reisen\/wp-content\/uploads\/2025\/06\/20250327_201141-1152x1536.jpg 1152w, https:\/\/motorradjedi.reisen\/wp-content\/uploads\/2025\/06\/20250327_201141-1536x2048.jpg 1536w, https:\/\/motorradjedi.reisen\/wp-content\/uploads\/2025\/06\/20250327_201141-1140x1520.jpg 1140w\" sizes=\"auto, (max-width: 1920px) 100vw, 1920px\" \/><\/figure><\/li><li class=\"blocks-gallery-item fb-block-hover-animation-none\"><figure><img loading=\"lazy\" decoding=\"async\" width=\"2560\" height=\"1440\" src=\"https:\/\/motorradjedi.reisen\/wp-content\/uploads\/2025\/06\/GX010321_1742811131261-scaled.jpg\" alt=\"GX010321_1742811131261\" class=\"wp-image-2821\" srcset=\"https:\/\/motorradjedi.reisen\/wp-content\/uploads\/2025\/06\/GX010321_1742811131261-scaled.jpg 2560w, https:\/\/motorradjedi.reisen\/wp-content\/uploads\/2025\/06\/GX010321_1742811131261-300x169.jpg 300w\" sizes=\"auto, (max-width: 2560px) 100vw, 2560px\" \/><\/figure><\/li><li class=\"blocks-gallery-item fb-block-hover-animation-none\"><figure><img loading=\"lazy\" decoding=\"async\" width=\"2560\" height=\"1440\" src=\"https:\/\/motorradjedi.reisen\/wp-content\/uploads\/2025\/06\/GX010329_1742811303709-scaled.jpg\" alt=\"GX010329_1742811303709\" class=\"wp-image-2815\" srcset=\"https:\/\/motorradjedi.reisen\/wp-content\/uploads\/2025\/06\/GX010329_1742811303709-scaled.jpg 2560w, https:\/\/motorradjedi.reisen\/wp-content\/uploads\/2025\/06\/GX010329_1742811303709-300x169.jpg 300w\" sizes=\"auto, (max-width: 2560px) 100vw, 2560px\" \/><\/figure><\/li><li class=\"blocks-gallery-item fb-block-hover-animation-none\"><figure><img loading=\"lazy\" decoding=\"async\" width=\"2560\" height=\"1440\" src=\"https:\/\/motorradjedi.reisen\/wp-content\/uploads\/2025\/06\/GX010352_1742893978986-scaled.jpg\" alt=\"GX010352_1742893978986\" class=\"wp-image-2839\" srcset=\"https:\/\/motorradjedi.reisen\/wp-content\/uploads\/2025\/06\/GX010352_1742893978986-scaled.jpg 2560w, https:\/\/motorradjedi.reisen\/wp-content\/uploads\/2025\/06\/GX010352_1742893978986-300x169.jpg 300w, https:\/\/motorradjedi.reisen\/wp-content\/uploads\/2025\/06\/GX010352_1742893978986-1024x576.jpg 1024w, https:\/\/motorradjedi.reisen\/wp-content\/uploads\/2025\/06\/GX010352_1742893978986-768x432.jpg 768w, https:\/\/motorradjedi.reisen\/wp-content\/uploads\/2025\/06\/GX010352_1742893978986-1536x864.jpg 1536w, https:\/\/motorradjedi.reisen\/wp-content\/uploads\/2025\/06\/GX010352_1742893978986-2048x1152.jpg 2048w, https:\/\/motorradjedi.reisen\/wp-content\/uploads\/2025\/06\/GX010352_1742893978986-1140x641.jpg 1140w\" sizes=\"auto, (max-width: 2560px) 100vw, 2560px\" \/><\/figure><\/li><li class=\"blocks-gallery-item fb-block-hover-animation-none\"><figure><img loading=\"lazy\" decoding=\"async\" width=\"2560\" height=\"1440\" src=\"https:\/\/motorradjedi.reisen\/wp-content\/uploads\/2025\/06\/GX010355_1742894060325-scaled.jpg\" alt=\"GX010355_1742894060325\" class=\"wp-image-2840\" srcset=\"https:\/\/motorradjedi.reisen\/wp-content\/uploads\/2025\/06\/GX010355_1742894060325-scaled.jpg 2560w, https:\/\/motorradjedi.reisen\/wp-content\/uploads\/2025\/06\/GX010355_1742894060325-300x169.jpg 300w, https:\/\/motorradjedi.reisen\/wp-content\/uploads\/2025\/06\/GX010355_1742894060325-1024x576.jpg 1024w, https:\/\/motorradjedi.reisen\/wp-content\/uploads\/2025\/06\/GX010355_1742894060325-768x432.jpg 768w, https:\/\/motorradjedi.reisen\/wp-content\/uploads\/2025\/06\/GX010355_1742894060325-1536x864.jpg 1536w, https:\/\/motorradjedi.reisen\/wp-content\/uploads\/2025\/06\/GX010355_1742894060325-2048x1152.jpg 2048w, https:\/\/motorradjedi.reisen\/wp-content\/uploads\/2025\/06\/GX010355_1742894060325-1140x641.jpg 1140w\" sizes=\"auto, (max-width: 2560px) 100vw, 2560px\" \/><\/figure><\/li><li class=\"blocks-gallery-item fb-block-hover-animation-none\"><figure><img loading=\"lazy\" decoding=\"async\" width=\"2560\" height=\"1440\" src=\"https:\/\/motorradjedi.reisen\/wp-content\/uploads\/2025\/06\/GX010358_1742918353858-scaled.jpg\" alt=\"GX010358_1742918353858\" class=\"wp-image-2842\" srcset=\"https:\/\/motorradjedi.reisen\/wp-content\/uploads\/2025\/06\/GX010358_1742918353858-scaled.jpg 2560w, https:\/\/motorradjedi.reisen\/wp-content\/uploads\/2025\/06\/GX010358_1742918353858-300x169.jpg 300w, https:\/\/motorradjedi.reisen\/wp-content\/uploads\/2025\/06\/GX010358_1742918353858-1024x576.jpg 1024w, https:\/\/motorradjedi.reisen\/wp-content\/uploads\/2025\/06\/GX010358_1742918353858-768x432.jpg 768w, https:\/\/motorradjedi.reisen\/wp-content\/uploads\/2025\/06\/GX010358_1742918353858-1536x864.jpg 1536w, https:\/\/motorradjedi.reisen\/wp-content\/uploads\/2025\/06\/GX010358_1742918353858-2048x1152.jpg 2048w, https:\/\/motorradjedi.reisen\/wp-content\/uploads\/2025\/06\/GX010358_1742918353858-1140x641.jpg 1140w\" sizes=\"auto, (max-width: 2560px) 100vw, 2560px\" \/><\/figure><\/li><li class=\"blocks-gallery-item fb-block-hover-animation-none\"><figure><img loading=\"lazy\" decoding=\"async\" width=\"2560\" height=\"1440\" src=\"https:\/\/motorradjedi.reisen\/wp-content\/uploads\/2025\/06\/GX010361_1742997362495-scaled.jpg\" alt=\"GX010361_1742997362495\" class=\"wp-image-2843\" srcset=\"https:\/\/motorradjedi.reisen\/wp-content\/uploads\/2025\/06\/GX010361_1742997362495-scaled.jpg 2560w, https:\/\/motorradjedi.reisen\/wp-content\/uploads\/2025\/06\/GX010361_1742997362495-300x169.jpg 300w, https:\/\/motorradjedi.reisen\/wp-content\/uploads\/2025\/06\/GX010361_1742997362495-1024x576.jpg 1024w, https:\/\/motorradjedi.reisen\/wp-content\/uploads\/2025\/06\/GX010361_1742997362495-768x432.jpg 768w, https:\/\/motorradjedi.reisen\/wp-content\/uploads\/2025\/06\/GX010361_1742997362495-1536x864.jpg 1536w, https:\/\/motorradjedi.reisen\/wp-content\/uploads\/2025\/06\/GX010361_1742997362495-2048x1152.jpg 2048w, https:\/\/motorradjedi.reisen\/wp-content\/uploads\/2025\/06\/GX010361_1742997362495-1140x641.jpg 1140w\" sizes=\"auto, (max-width: 2560px) 100vw, 2560px\" \/><\/figure><\/li><li class=\"blocks-gallery-item fb-block-hover-animation-none\"><figure><img loading=\"lazy\" decoding=\"async\" width=\"2560\" height=\"1440\" src=\"https:\/\/motorradjedi.reisen\/wp-content\/uploads\/2025\/06\/GX010374_1742997966529-scaled.jpg\" alt=\"GX010374_1742997966529\" class=\"wp-image-2844\" srcset=\"https:\/\/motorradjedi.reisen\/wp-content\/uploads\/2025\/06\/GX010374_1742997966529-scaled.jpg 2560w, https:\/\/motorradjedi.reisen\/wp-content\/uploads\/2025\/06\/GX010374_1742997966529-300x169.jpg 300w, https:\/\/motorradjedi.reisen\/wp-content\/uploads\/2025\/06\/GX010374_1742997966529-1024x576.jpg 1024w, https:\/\/motorradjedi.reisen\/wp-content\/uploads\/2025\/06\/GX010374_1742997966529-768x432.jpg 768w, https:\/\/motorradjedi.reisen\/wp-content\/uploads\/2025\/06\/GX010374_1742997966529-1536x864.jpg 1536w, https:\/\/motorradjedi.reisen\/wp-content\/uploads\/2025\/06\/GX010374_1742997966529-2048x1152.jpg 2048w, https:\/\/motorradjedi.reisen\/wp-content\/uploads\/2025\/06\/GX010374_1742997966529-1140x641.jpg 1140w\" sizes=\"auto, (max-width: 2560px) 100vw, 2560px\" \/><\/figure><\/li><li class=\"blocks-gallery-item fb-block-hover-animation-none\"><figure><img loading=\"lazy\" decoding=\"async\" width=\"1600\" height=\"1200\" src=\"https:\/\/motorradjedi.reisen\/wp-content\/uploads\/2025\/06\/IMG-20250323-WA0006.jpg\" alt=\"IMG-20250323-WA0006\" class=\"wp-image-2817\" srcset=\"https:\/\/motorradjedi.reisen\/wp-content\/uploads\/2025\/06\/IMG-20250323-WA0006.jpg 1600w, https:\/\/motorradjedi.reisen\/wp-content\/uploads\/2025\/06\/IMG-20250323-WA0006-300x225.jpg 300w, https:\/\/motorradjedi.reisen\/wp-content\/uploads\/2025\/06\/IMG-20250323-WA0006-1024x768.jpg 1024w, https:\/\/motorradjedi.reisen\/wp-content\/uploads\/2025\/06\/IMG-20250323-WA0006-768x576.jpg 768w, https:\/\/motorradjedi.reisen\/wp-content\/uploads\/2025\/06\/IMG-20250323-WA0006-1536x1152.jpg 1536w, https:\/\/motorradjedi.reisen\/wp-content\/uploads\/2025\/06\/IMG-20250323-WA0006-1140x855.jpg 1140w\" sizes=\"auto, (max-width: 1600px) 100vw, 1600px\" \/><\/figure><\/li><li class=\"blocks-gallery-item fb-block-hover-animation-none\"><figure><img loading=\"lazy\" decoding=\"async\" width=\"1600\" height=\"1200\" src=\"https:\/\/motorradjedi.reisen\/wp-content\/uploads\/2025\/06\/IMG-20250323-WA0007.jpg\" alt=\"IMG-20250323-WA0007\" class=\"wp-image-2818\" srcset=\"https:\/\/motorradjedi.reisen\/wp-content\/uploads\/2025\/06\/IMG-20250323-WA0007.jpg 1600w, https:\/\/motorradjedi.reisen\/wp-content\/uploads\/2025\/06\/IMG-20250323-WA0007-300x225.jpg 300w, https:\/\/motorradjedi.reisen\/wp-content\/uploads\/2025\/06\/IMG-20250323-WA0007-1024x768.jpg 1024w, https:\/\/motorradjedi.reisen\/wp-content\/uploads\/2025\/06\/IMG-20250323-WA0007-768x576.jpg 768w, https:\/\/motorradjedi.reisen\/wp-content\/uploads\/2025\/06\/IMG-20250323-WA0007-1536x1152.jpg 1536w, https:\/\/motorradjedi.reisen\/wp-content\/uploads\/2025\/06\/IMG-20250323-WA0007-1140x855.jpg 1140w\" sizes=\"auto, (max-width: 1600px) 100vw, 1600px\" \/><\/figure><\/li><li class=\"blocks-gallery-item fb-block-hover-animation-none\"><figure><img loading=\"lazy\" decoding=\"async\" width=\"1600\" height=\"1200\" src=\"https:\/\/motorradjedi.reisen\/wp-content\/uploads\/2025\/06\/IMG-20250325-WA0010.jpg\" alt=\"IMG-20250325-WA0010\" class=\"wp-image-2819\" srcset=\"https:\/\/motorradjedi.reisen\/wp-content\/uploads\/2025\/06\/IMG-20250325-WA0010.jpg 1600w, https:\/\/motorradjedi.reisen\/wp-content\/uploads\/2025\/06\/IMG-20250325-WA0010-300x225.jpg 300w, https:\/\/motorradjedi.reisen\/wp-content\/uploads\/2025\/06\/IMG-20250325-WA0010-1024x768.jpg 1024w, https:\/\/motorradjedi.reisen\/wp-content\/uploads\/2025\/06\/IMG-20250325-WA0010-768x576.jpg 768w, https:\/\/motorradjedi.reisen\/wp-content\/uploads\/2025\/06\/IMG-20250325-WA0010-1536x1152.jpg 1536w, https:\/\/motorradjedi.reisen\/wp-content\/uploads\/2025\/06\/IMG-20250325-WA0010-1140x855.jpg 1140w\" sizes=\"auto, (max-width: 1600px) 100vw, 1600px\" \/><\/figure><\/li><\/ul>\n\n\n<figure class=\"wp-block-video\"><video height=\"720\" style=\"aspect-ratio: 1280 \/ 720;\" width=\"1280\" controls src=\"https:\/\/motorradjedi.reisen\/wp-content\/uploads\/2025\/06\/GX010330_ALTA633254627031600.mp4\"><\/video><\/figure>\n\n\n\n<figure class=\"wp-block-video\"><video height=\"720\" style=\"aspect-ratio: 1280 \/ 720;\" width=\"1280\" controls src=\"https:\/\/motorradjedi.reisen\/wp-content\/uploads\/2025\/06\/GX010382_ALTA633254627031600.mp4\"><\/video><\/figure>\n\n\n\n<p><\/p>\n\n\n\n<figure class=\"wp-block-video\"><video height=\"720\" style=\"aspect-ratio: 1280 \/ 720;\" width=\"1280\" controls src=\"https:\/\/motorradjedi.reisen\/wp-content\/uploads\/2025\/06\/GX010387.mp4\"><\/video><\/figure>\n\n\n\n<p><\/p>\n\n\n\n<figure class=\"wp-block-video\"><video height=\"720\" style=\"aspect-ratio: 1280 \/ 720;\" width=\"1280\" controls src=\"https:\/\/motorradjedi.reisen\/wp-content\/uploads\/2025\/06\/GX010306_ALTA633254627031600_2.mp4\"><\/video><\/figure>\n\n\n\n<p><\/p>\n\n\n\n<figure class=\"wp-block-video\"><video height=\"720\" style=\"aspect-ratio: 1280 \/ 720;\" width=\"1280\" controls src=\"https:\/\/motorradjedi.reisen\/wp-content\/uploads\/2025\/06\/GX010401_m42B53nVgWMvL_0_1749923071073-1.mp4\"><\/video><\/figure>\n","protected":false},"excerpt":{"rendered":"<p>Tauchen in El Quseir 20. &#8211; 29. M\u00e4rz 2025 Unsere diesj\u00e4hrige Tauchreise f\u00fchrte uns nach El Quseir. Auf Initiative eines befreundeten Paares schlossen wir uns der Gruppenreise an und genossen ein entspanntes Gesamtpaket. Im Rohanou Beach Resort untergebracht genossen wir das perfekte Service von Ducks Diving El Quseir am wundersch\u00f6nen Hausriff. Spektakul\u00e4r war auch der Tagesausflug zum Wrack der Salem Express.<\/p>\n","protected":false},"author":3,"featured_media":2819,"parent":0,"menu_order":0,"comment_status":"closed","ping_status":"closed","template":"","meta":{"footnotes":""},"class_list":["post-2794","page","type-page","status-publish","has-post-thumbnail","hentry"],"_links":{"self":[{"href":"https:\/\/motorradjedi.reisen\/index.php\/wp-json\/wp\/v2\/pages\/2794","targetHints":{"allow":["GET"]}}],"collection":[{"href":"https:\/\/motorradjedi.reisen\/index.php\/wp-json\/wp\/v2\/pages"}],"about":[{"href":"https:\/\/motorradjedi.reisen\/index.php\/wp-json\/wp\/v2\/types\/page"}],"author":[{"embeddable":true,"href":"https:\/\/motorradjedi.reisen\/index.php\/wp-json\/wp\/v2\/users\/3"}],"replies":[{"embeddable":true,"href":"https:\/\/motorradjedi.reisen\/index.php\/wp-json\/wp\/v2\/comments?post=2794"}],"version-history":[{"count":8,"href":"https:\/\/motorradjedi.reisen\/index.php\/wp-json\/wp\/v2\/pages\/2794\/revisions"}],"predecessor-version":[{"id":3216,"href":"https:\/\/motorradjedi.reisen\/index.php\/wp-json\/wp\/v2\/pages\/2794\/revisions\/3216"}],"wp:featuredmedia":[{"embeddable":true,"href":"https:\/\/motorradjedi.reisen\/index.php\/wp-json\/wp\/v2\/media\/2819"}],"wp:attachment":[{"href":"https:\/\/motorradjedi.reisen\/index.php\/wp-json\/wp\/v2\/media?parent=2794"}],"curies":[{"name":"wp","href":"https:\/\/api.w.org\/{rel}","templated":true}]}}