{"id":2,"date":"2022-12-10T00:07:29","date_gmt":"2022-12-09T23:07:29","guid":{"rendered":"http:\/\/motorradjedi.reisen\/?page_id=2"},"modified":"2026-01-12T08:57:10","modified_gmt":"2026-01-12T07:57:10","slug":"ueberuns","status":"publish","type":"page","link":"https:\/\/motorradjedi.reisen\/","title":{"rendered":"\u00fcber uns"},"content":{"rendered":"\n<p>zuletzt ver\u00f6ffentlicht<\/p>\n\n\n<ul class=\"wp-block-latest-posts__list has-dates wp-block-latest-posts\"><li><a class=\"wp-block-latest-posts__post-title\" href=\"https:\/\/motorradjedi.reisen\/index.php\/2026\/03\/28\/27-3-2026-geaenderte-reiseroute\/\">27.3.2026: Ge\u00e4nderte Reiseroute<\/a><time datetime=\"2026-03-28T12:10:40+01:00\" class=\"wp-block-latest-posts__post-date\">28. M\u00e4rz 2026<\/time><\/li>\n<li><div class=\"wp-block-latest-posts__featured-image\"><img loading=\"lazy\" decoding=\"async\" width=\"150\" height=\"150\" src=\"https:\/\/motorradjedi.reisen\/wp-content\/uploads\/2026\/03\/IMG_20260301_060612768_HDR-150x150.jpg\" class=\"attachment-thumbnail size-thumbnail wp-post-image\" alt=\"\" style=\"\" srcset=\"https:\/\/motorradjedi.reisen\/wp-content\/uploads\/2026\/03\/IMG_20260301_060612768_HDR-150x150.jpg 150w, https:\/\/motorradjedi.reisen\/wp-content\/uploads\/2026\/03\/IMG_20260301_060612768_HDR-300x300.jpg 300w, https:\/\/motorradjedi.reisen\/wp-content\/uploads\/2026\/03\/IMG_20260301_060612768_HDR-75x75.jpg 75w\" sizes=\"auto, (max-width: 150px) 100vw, 150px\" \/><\/div><a class=\"wp-block-latest-posts__post-title\" href=\"https:\/\/motorradjedi.reisen\/index.php\/2026\/03\/06\/zentral-raja-ampat-und-wie-wird-unsere-heimreise-sein\/\">Zentral Raja Ampat und wie wird unsere Heimreise sein?<\/a><time datetime=\"2026-03-06T05:33:47+01:00\" class=\"wp-block-latest-posts__post-date\">6. M\u00e4rz 2026<\/time><\/li>\n<li><div class=\"wp-block-latest-posts__featured-image\"><img loading=\"lazy\" decoding=\"async\" width=\"150\" height=\"150\" src=\"https:\/\/motorradjedi.reisen\/wp-content\/uploads\/2026\/02\/IMG_20260225_163510236_HDR-150x150.jpg\" class=\"attachment-thumbnail size-thumbnail wp-post-image\" alt=\"\" style=\"\" srcset=\"https:\/\/motorradjedi.reisen\/wp-content\/uploads\/2026\/02\/IMG_20260225_163510236_HDR-150x150.jpg 150w, https:\/\/motorradjedi.reisen\/wp-content\/uploads\/2026\/02\/IMG_20260225_163510236_HDR-300x300.jpg 300w, https:\/\/motorradjedi.reisen\/wp-content\/uploads\/2026\/02\/IMG_20260225_163510236_HDR-75x75.jpg 75w\" sizes=\"auto, (max-width: 150px) 100vw, 150px\" \/><\/div><a class=\"wp-block-latest-posts__post-title\" href=\"https:\/\/motorradjedi.reisen\/index.php\/2026\/03\/01\/misool-und-die-suedlichen-inseln\/\">Misool und die s\u00fcdlichen Inseln<\/a><time datetime=\"2026-03-01T10:09:09+01:00\" class=\"wp-block-latest-posts__post-date\">1. M\u00e4rz 2026<\/time><\/li>\n<\/ul>\n\n<div class=\"wp-block-image\">\n<figure class=\"aligncenter size-full is-resized\"><img decoding=\"async\" src=\"https:\/\/motorradjedi.reisen\/wp-content\/uploads\/2025\/06\/maraatlan.svg\" alt=\"\" class=\"wp-image-2743\" style=\"width:auto;height:550px\"\/><\/figure>\n<\/div>\n\n\n<p>Hallo! Wir sind Mara und Atlan, zwei Motorradwanderer aus Wien. Unser gemeinsamer Traum ist eine Reise rund um die Welt. Nat\u00fcrlich auf 2 R\u00e4dern. Genauer gesagt auf 2&#215;2 R\u00e4dern. Mara ist Jahrgang 1960 und hat ihre KIRA (BMW 310 GS) 2022 erworben, Atlan ist Jahrgang 1962 und hat seine SOL (BMW R 1250 GS Adventure) seit 2019.<\/p>\n\n\n\n<p>Wir m\u00f6chten unsere Erlebnisse hier in diesem Blog mit euch teilen und freuen uns \u00fcber euren Besuch. Unsere Datenschutzerkl\u00e4rung findest du <a href=\"https:\/\/motorradjedi.reisen\/index.php\/datenschutzerklaerung\/\" data-type=\"page\" data-id=\"3\">hier<\/a>.<\/p>\n\n\n\n<p><\/p>\n\n\n\n<p>Falls ihr euch wundert: Das Einhorn ist Maras Reisebegleiter. Ihr werdet es auf vielen Fotos wiedererkennen.<\/p>\n\n\n\n<p><\/p>\n\n\n\n<p>Du m\u00f6chtest mit uns in Kontakt treten? Bitte sch\u00f6n:<\/p>\n\n\n<div class=\"forminator-ui forminator-custom-form forminator-custom-form-2362 forminator-design--default  forminator_ajax\" data-forminator-render=\"0\" data-form=\"forminator-module-2362\" data-uid=\"69db6b635f2c6\"><br\/><\/div><form\n\t\t\t\tid=\"forminator-module-2362\"\n\t\t\t\tclass=\"forminator-ui forminator-custom-form forminator-custom-form-2362 forminator-design--default  forminator_ajax\"\n\t\t\t\tmethod=\"post\"\n\t\t\t\tdata-forminator-render=\"0\"\n\t\t\t\tdata-form-id=\"2362\"\n\t\t\t\t data-color-option=\"theme\" data-design=\"default\" data-grid=\"open\" style=\"display: none;\"\n\t\t\t\tdata-uid=\"69db6b635f2c6\"\n\t\t\t><div role=\"alert\" aria-live=\"polite\" class=\"forminator-response-message forminator-error\" aria-hidden=\"true\"><\/div><div class=\"forminator-row\"><div id=\"name-1\" class=\"forminator-field-name forminator-col forminator-col-12 \"><div class=\"forminator-field\"><label for=\"forminator-field-name-1_69db6b635f2c6\" id=\"forminator-field-name-1_69db6b635f2c6-label\" class=\"forminator-label\">Vorname <span class=\"forminator-required\">*<\/span><\/label><input type=\"text\" name=\"name-1\" value=\"\" placeholder=\"z. B. Max\" id=\"forminator-field-name-1_69db6b635f2c6\" class=\"forminator-input forminator-name--field\" aria-required=\"true\" autocomplete=\"name\" \/><\/div><\/div><\/div><div class=\"forminator-row\"><div id=\"email-1\" class=\"forminator-field-email forminator-col forminator-col-12 \"><div class=\"forminator-row-inside forminator-row-with-confirmation-email\"><div class=\"forminator-col forminator-col-6\"><div class=\"forminator-field\"><label for=\"forminator-field-email-1_69db6b635f2c6\" id=\"forminator-field-email-1_69db6b635f2c6-label\" class=\"forminator-label\">E-Mail-Adresse <span class=\"forminator-required\">*<\/span><\/label><input type=\"email\" name=\"email-1\" value=\"\" placeholder=\"z. B. max@mustermann.de\" id=\"forminator-field-email-1_69db6b635f2c6\" class=\"forminator-input forminator-email--field\" data-required=\"true\" aria-required=\"true\" autocomplete=\"email\" \/><\/div><\/div><div class=\"forminator-col forminator-col-6\"><div class=\"forminator-field\"><label for=\"forminator-field-confirm_email-1_69db6b635f2c6\" id=\"forminator-field-confirm_email-1_69db6b635f2c6-label\" class=\"forminator-label\">E-Mailaddresse best\u00e4tigen <span class=\"forminator-required\">*<\/span><\/label><input type=\"email\" name=\"confirm_email-1\" value=\"\" placeholder=\"E-Mailaddresse wiederholen\" id=\"forminator-field-confirm_email-1_69db6b635f2c6\" class=\"forminator-input forminator-name--field\" data-required=\"true\" aria-required=\"true\" autocomplete=\"email\" \/><\/div><\/div><\/div><\/div><\/div><div class=\"forminator-row\"><div id=\"phone-1\" class=\"forminator-field-phone forminator-col forminator-col-12 \"><div class=\"forminator-field\"><label for=\"forminator-field-phone-1_69db6b635f2c6\" id=\"forminator-field-phone-1_69db6b635f2c6-label\" class=\"forminator-label\">Telefonnummer<\/label><input type=\"text\" name=\"phone-1\" value=\"\" placeholder=\"z. B. +49 3004005000\" id=\"forminator-field-phone-1_69db6b635f2c6\" class=\"forminator-input forminator-field--phone\" data-required=\"\" aria-required=\"false\" autocomplete=\"off\" \/><\/div><\/div><\/div><div class=\"forminator-row\"><div id=\"textarea-1\" class=\"forminator-field-textarea forminator-col forminator-col-12 \"><div class=\"forminator-field\"><label for=\"forminator-field-textarea-1_69db6b635f2c6\" id=\"forminator-field-textarea-1_69db6b635f2c6-label\" class=\"forminator-label\">Nachricht<\/label><span id=\"forminator-field-textarea-1_69db6b635f2c6-description\" class=\"forminator-description\"><span data-limit=\"180\" data-type=\"characters\" data-editor=\"\">0 \/ 180<\/span><\/span><textarea name=\"textarea-1\" placeholder=\"Gib deine Nachricht ein...\" id=\"forminator-field-textarea-1_69db6b635f2c6\" class=\"forminator-textarea\" rows=\"6\" style=\"min-height:140px;\" maxlength=\"180\" ><\/textarea><\/div><\/div><\/div><input type=\"hidden\" name=\"referer_url\" value=\"\" \/><div class=\"forminator-row forminator-row-last\"><div class=\"forminator-col\"><div class=\"forminator-field\"><button class=\"forminator-button forminator-button-submit\">Nachricht senden<\/button><\/div><\/div><\/div><input type=\"hidden\" id=\"forminator_nonce\" name=\"forminator_nonce\" value=\"1b1625ff63\" \/><input type=\"hidden\" name=\"_wp_http_referer\" value=\"\/index.php\/wp-json\/wp\/v2\/pages\/2\" \/><input type=\"hidden\" name=\"form_id\" value=\"2362\"><input type=\"hidden\" name=\"page_id\" value=\"2\"><input type=\"hidden\" name=\"form_type\" value=\"default\"><input type=\"hidden\" name=\"current_url\" value=\"https:\/\/motorradjedi.reisen\/\"><input type=\"hidden\" name=\"render_id\" value=\"0\"><input type=\"hidden\" name=\"action\" value=\"forminator_submit_form_custom-forms\"><\/form>\n","protected":false},"excerpt":{"rendered":"<p>zuletzt ver\u00f6ffentlicht Hallo! Wir sind Mara und Atlan, zwei Motorradwanderer aus Wien. Unser gemeinsamer Traum ist eine Reise rund um die Welt. Nat\u00fcrlich auf 2 R\u00e4dern. Genauer gesagt auf 2&#215;2 R\u00e4dern. Mara ist Jahrgang 1960 und hat ihre KIRA (BMW 310 GS) 2022 erworben, Atlan ist Jahrgang 1962 und hat seine SOL (BMW R 1250 GS Adventure) seit 2019. Wir m\u00f6chten unsere Erlebnisse hier in diesem Blog mit euch teilen und freuen uns \u00fcber euren Besuch. Unsere Datenschutzerkl\u00e4rung findest du hier. Falls ihr euch wundert: Das Einhorn ist Maras Reisebegleiter. Ihr werdet es auf vielen Fotos wiedererkennen. Du m\u00f6chtest mit uns in Kontakt treten? Bitte sch\u00f6n:<\/p>\n","protected":false},"author":3,"featured_media":0,"parent":0,"menu_order":0,"comment_status":"closed","ping_status":"open","template":"","meta":{"footnotes":""},"class_list":["post-2","page","type-page","status-publish","hentry"],"_links":{"self":[{"href":"https:\/\/motorradjedi.reisen\/index.php\/wp-json\/wp\/v2\/pages\/2","targetHints":{"allow":["GET"]}}],"collection":[{"href":"https:\/\/motorradjedi.reisen\/index.php\/wp-json\/wp\/v2\/pages"}],"about":[{"href":"https:\/\/motorradjedi.reisen\/index.php\/wp-json\/wp\/v2\/types\/page"}],"author":[{"embeddable":true,"href":"https:\/\/motorradjedi.reisen\/index.php\/wp-json\/wp\/v2\/users\/3"}],"replies":[{"embeddable":true,"href":"https:\/\/motorradjedi.reisen\/index.php\/wp-json\/wp\/v2\/comments?post=2"}],"version-history":[{"count":8,"href":"https:\/\/motorradjedi.reisen\/index.php\/wp-json\/wp\/v2\/pages\/2\/revisions"}],"predecessor-version":[{"id":4068,"href":"https:\/\/motorradjedi.reisen\/index.php\/wp-json\/wp\/v2\/pages\/2\/revisions\/4068"}],"wp:attachment":[{"href":"https:\/\/motorradjedi.reisen\/index.php\/wp-json\/wp\/v2\/media?parent=2"}],"curies":[{"name":"wp","href":"https:\/\/api.w.org\/{rel}","templated":true}]}}